{"id":333,"date":"2024-01-19T16:00:29","date_gmt":"2024-01-19T15:00:29","guid":{"rendered":"https:\/\/clockwise.ch\/pr-services\/"},"modified":"2024-10-08T16:51:12","modified_gmt":"2024-10-08T14:51:12","slug":"pr-services","status":"publish","type":"page","link":"https:\/\/clockwise.ch\/de\/services\/pr-services\/","title":{"rendered":"PR-Services"},"content":{"rendered":"\n<h2 class=\"wp-block-heading\">PR-Services<\/h2>\n\n\n\n<p>Wir sichten mit Dir Dein Public Relations-Konzept und erarbeiten gemeinsam mit Dir Prozesse, Planung und Rollen, die Du zur Erreichung Deines Erfolgs optimieren kannst. Falls notwendig begleiten wir Dich beim Aufbau der notwendigen Infrastruktur. Auf Wunsch \u00fcbernehmen wir im Betrieb all den Kram, der Dich zu sehr vom Alltagsgesch\u00e4ft abhalten w\u00fcrde.<\/p>\n\n\n\n<div class=\"wp-block-columns is-layout-flex wp-container-core-columns-is-layout-28f84493 wp-block-columns-is-layout-flex\">\n<div class=\"wp-block-column is-layout-flow wp-block-column-is-layout-flow\">\n<h3 class=\"wp-block-heading\">Konzeption<\/h3>\n\n\n\n<p>Wir entwickeln mit Dir<\/p>\n\n\n\n<ul class=\"wp-block-list\">\n<li>PR-Prozesse<\/li>\n\n\n\n<li>Planung &amp; Rollen<\/li>\n\n\n\n<li>Erfolgskriterien &amp; Review-Methode<\/li>\n<\/ul>\n<\/div>\n\n\n\n<div class=\"wp-block-column is-layout-flow wp-block-column-is-layout-flow\">\n<h3 class=\"wp-block-heading\">Betrieb<\/h3>\n\n\n\n<p>Wir \u00fcbernehmen im Alltag<\/p>\n\n\n\n<ul class=\"wp-block-list\">\n<li>Unterst\u00fctzung der t\u00e4glichen PR-Aktivit\u00e4ten<\/li>\n\n\n\n<li>Review von Reporting &amp; Erfolgskontrolle<\/li>\n\n\n\n<li>Strategie-Feinjustierung<\/li>\n<\/ul>\n<\/div>\n<\/div>\n\n\n\n<div class=\"wp-block-columns is-layout-flex wp-container-core-columns-is-layout-28f84493 wp-block-columns-is-layout-flex\">\n<div class=\"wp-block-column is-layout-flow wp-block-column-is-layout-flow\">\n<h3 class=\"wp-block-heading\">Unsere Mission<\/h3>\n\n\n\n<p>Dein Produkt.<br>Deine Pr\u00e4senz.<br>Unser Auftrag.<\/p>\n<\/div>\n\n\n\n<div class=\"wp-block-column is-layout-flow wp-block-column-is-layout-flow\">\n<h3 class=\"wp-block-heading\">Unser Versprechen<\/h3>\n\n\n\n<p>Wir unterst\u00fctzen Dich auf dem Weg zu Deinem n\u00e4chsten Ziel.<br>Wir passen unsere Dienstleistung Deinen Bed\u00fcrfnissen an und halten uns zur\u00fcck, wo Du selbst Profi bist.<\/p>\n<\/div>\n<\/div>\n\n\n\n<p>Nimm mit uns <a href=\"https:\/\/clockwise.ch\/de\/kontakt\/\" data-type=\"page\" data-id=\"65\">Kontakt<\/a> auf.<\/p>\n\n\n\n<p>Wir m\u00f6gen keinen Standard, unser Angebot ist daher nicht von der Stange. Wir entwickeln gerne ein passendes Dienstleistungspaket \u2013 am liebsten gemeinsam mit Dir.<\/p>\n","protected":false},"excerpt":{"rendered":"<p>PR-Services Wir sichten mit Dir Dein Public Relations-Konzept und erarbeiten gemeinsam mit Dir Prozesse, Planung und Rollen, die Du zur Erreichung Deines Erfolgs optimieren kannst. Falls notwendig begleiten wir Dich beim Aufbau der notwendigen Infrastruktur. Auf Wunsch \u00fcbernehmen wir im Betrieb all den Kram, der Dich zu sehr vom Alltagsgesch\u00e4ft abhalten w\u00fcrde. Konzeption Wir entwickeln [&hellip;]<\/p>\n","protected":false},"author":2,"featured_media":0,"parent":375,"menu_order":0,"comment_status":"closed","ping_status":"closed","template":"","meta":{"site-sidebar-layout":"default","site-content-layout":"","ast-site-content-layout":"default","site-content-style":"default","site-sidebar-style":"default","ast-global-header-display":"","ast-banner-title-visibility":"","ast-main-header-display":"","ast-hfb-above-header-display":"","ast-hfb-below-header-display":"","ast-hfb-mobile-header-display":"","site-post-title":"","ast-breadcrumbs-content":"","ast-featured-img":"","footer-sml-layout":"","ast-disable-related-posts":"","theme-transparent-header-meta":"","adv-header-id-meta":"","stick-header-meta":"","header-above-stick-meta":"","header-main-stick-meta":"","header-below-stick-meta":"","astra-migrate-meta-layouts":"default","ast-page-background-enabled":"default","ast-page-background-meta":{"desktop":{"background-color":"var(--ast-global-color-4)","background-image":"","background-repeat":"repeat","background-position":"center center","background-size":"auto","background-attachment":"scroll","background-type":"","background-media":"","overlay-type":"","overlay-color":"","overlay-opacity":"","overlay-gradient":""},"tablet":{"background-color":"","background-image":"","background-repeat":"repeat","background-position":"center center","background-size":"auto","background-attachment":"scroll","background-type":"","background-media":"","overlay-type":"","overlay-color":"","overlay-opacity":"","overlay-gradient":""},"mobile":{"background-color":"","background-image":"","background-repeat":"repeat","background-position":"center center","background-size":"auto","background-attachment":"scroll","background-type":"","background-media":"","overlay-type":"","overlay-color":"","overlay-opacity":"","overlay-gradient":""}},"ast-content-background-meta":{"desktop":{"background-color":"var(--ast-global-color-5)","background-image":"","background-repeat":"repeat","background-position":"center center","background-size":"auto","background-attachment":"scroll","background-type":"","background-media":"","overlay-type":"","overlay-color":"","overlay-opacity":"","overlay-gradient":""},"tablet":{"background-color":"var(--ast-global-color-5)","background-image":"","background-repeat":"repeat","background-position":"center center","background-size":"auto","background-attachment":"scroll","background-type":"","background-media":"","overlay-type":"","overlay-color":"","overlay-opacity":"","overlay-gradient":""},"mobile":{"background-color":"var(--ast-global-color-5)","background-image":"","background-repeat":"repeat","background-position":"center center","background-size":"auto","background-attachment":"scroll","background-type":"","background-media":"","overlay-type":"","overlay-color":"","overlay-opacity":"","overlay-gradient":""}},"footnotes":""},"class_list":["post-333","page","type-page","status-publish","hentry"],"_links":{"self":[{"href":"https:\/\/clockwise.ch\/de\/wp-json\/wp\/v2\/pages\/333","targetHints":{"allow":["GET"]}}],"collection":[{"href":"https:\/\/clockwise.ch\/de\/wp-json\/wp\/v2\/pages"}],"about":[{"href":"https:\/\/clockwise.ch\/de\/wp-json\/wp\/v2\/types\/page"}],"author":[{"embeddable":true,"href":"https:\/\/clockwise.ch\/de\/wp-json\/wp\/v2\/users\/2"}],"replies":[{"embeddable":true,"href":"https:\/\/clockwise.ch\/de\/wp-json\/wp\/v2\/comments?post=333"}],"version-history":[{"count":5,"href":"https:\/\/clockwise.ch\/de\/wp-json\/wp\/v2\/pages\/333\/revisions"}],"predecessor-version":[{"id":678,"href":"https:\/\/clockwise.ch\/de\/wp-json\/wp\/v2\/pages\/333\/revisions\/678"}],"up":[{"embeddable":true,"href":"https:\/\/clockwise.ch\/de\/wp-json\/wp\/v2\/pages\/375"}],"wp:attachment":[{"href":"https:\/\/clockwise.ch\/de\/wp-json\/wp\/v2\/media?parent=333"}],"curies":[{"name":"wp","href":"https:\/\/api.w.org\/{rel}","templated":true}]}}