{"id":332,"date":"2024-01-19T15:59:12","date_gmt":"2024-01-19T14:59:12","guid":{"rendered":"https:\/\/clockwise.ch\/shows\/skript-shows\/"},"modified":"2024-10-08T16:45:34","modified_gmt":"2024-10-08T14:45:34","slug":"scripted-shows","status":"publish","type":"page","link":"https:\/\/clockwise.ch\/de\/shows\/scripted-shows\/","title":{"rendered":"Scripted Shows"},"content":{"rendered":"\n<h2 class=\"wp-block-heading\">Scripted Shows<\/h2>\n\n\n\n<p>Wir konzipieren und leiten Deine Scripted Show, von der Geschichte \u00fcber den Ablauf bis zur Durchf\u00fchrung. Wir sorgen f\u00fcr die Platzierung Deines Produkts oder der richtigen Personen, \u00fcberlegen uns den Ablauf und die \u00dcberg\u00e4nge, verlieren dabei aber auch nicht den grossen Spannungsbogen aus den Augen.<\/p>\n\n\n\n<div class=\"wp-block-columns is-layout-flex wp-container-core-columns-is-layout-28f84493 wp-block-columns-is-layout-flex\">\n<div class=\"wp-block-column is-layout-flow wp-block-column-is-layout-flow\">\n<h3 class=\"wp-block-heading\">Konzeption &amp; Planung<\/h3>\n\n\n\n<p>Wir entwickeln<\/p>\n\n\n\n<ul class=\"wp-block-list\">\n<li>Show-Konzept<\/li>\n\n\n\n<li>Planung von Idee bis Durchf\u00fchrung<\/li>\n\n\n\n<li>Budgeting und Booking<\/li>\n<\/ul>\n<\/div>\n\n\n\n<div class=\"wp-block-column is-layout-flow wp-block-column-is-layout-flow\">\n<h3 class=\"wp-block-heading\">Umsetzung &amp; Durchf\u00fchrung<\/h3>\n\n\n\n<p>Wir \u00fcbernehmen<\/p>\n\n\n\n<ul class=\"wp-block-list\">\n<li>Idea &amp; Story Creation<\/li>\n\n\n\n<li>ggf. Scripting<\/li>\n\n\n\n<li>Briefing involvierter Personen<\/li>\n<\/ul>\n<\/div>\n<\/div>\n\n\n\n<div class=\"wp-block-columns is-layout-flex wp-container-core-columns-is-layout-28f84493 wp-block-columns-is-layout-flex\">\n<div class=\"wp-block-column is-layout-flow wp-block-column-is-layout-flow\">\n<h3 class=\"wp-block-heading\">Unsere Mission<\/h3>\n\n\n\n<p>Dein Produkt.<br>Dein Event.<br>Unser Auftrag.<\/p>\n<\/div>\n\n\n\n<div class=\"wp-block-column is-layout-flow wp-block-column-is-layout-flow\">\n<h3 class=\"wp-block-heading\">Unser Versprechen<\/h3>\n\n\n\n<p>Wir unterst\u00fctzen Dich auf dem Weg zu Deinem n\u00e4chsten Ziel.<br>Wir passen unsere Dienstleistung Deinen Bed\u00fcrfnissen an und halten uns zur\u00fcck, wo Du selbst Profi bist.<\/p>\n<\/div>\n<\/div>\n\n\n\n<p>Nimm mit uns <a href=\"https:\/\/clockwise.ch\/de\/kontakt\/\" data-type=\"page\" data-id=\"65\">Kontakt<\/a> auf.<\/p>\n\n\n\n<p>Wir m\u00f6gen keinen Standard, unser Angebot ist daher nicht von der Stange. Wir entwickeln gerne ein passendes Dienstleistungspaket \u2013 am liebsten gemeinsam mit Dir.<\/p>\n\n\n\n<p><\/p>\n","protected":false},"excerpt":{"rendered":"<p>Scripted Shows Wir konzipieren und leiten Deine Scripted Show, von der Geschichte \u00fcber den Ablauf bis zur Durchf\u00fchrung. Wir sorgen f\u00fcr die Platzierung Deines Produkts oder der richtigen Personen, \u00fcberlegen uns den Ablauf und die \u00dcberg\u00e4nge, verlieren dabei aber auch nicht den grossen Spannungsbogen aus den Augen. Konzeption &amp; Planung Wir entwickeln Umsetzung &amp; Durchf\u00fchrung [&hellip;]<\/p>\n","protected":false},"author":2,"featured_media":0,"parent":316,"menu_order":0,"comment_status":"closed","ping_status":"closed","template":"","meta":{"site-sidebar-layout":"default","site-content-layout":"","ast-site-content-layout":"default","site-content-style":"default","site-sidebar-style":"default","ast-global-header-display":"","ast-banner-title-visibility":"","ast-main-header-display":"","ast-hfb-above-header-display":"","ast-hfb-below-header-display":"","ast-hfb-mobile-header-display":"","site-post-title":"","ast-breadcrumbs-content":"","ast-featured-img":"","footer-sml-layout":"","ast-disable-related-posts":"","theme-transparent-header-meta":"","adv-header-id-meta":"","stick-header-meta":"","header-above-stick-meta":"","header-main-stick-meta":"","header-below-stick-meta":"","astra-migrate-meta-layouts":"default","ast-page-background-enabled":"default","ast-page-background-meta":{"desktop":{"background-color":"var(--ast-global-color-4)","background-image":"","background-repeat":"repeat","background-position":"center center","background-size":"auto","background-attachment":"scroll","background-type":"","background-media":"","overlay-type":"","overlay-color":"","overlay-opacity":"","overlay-gradient":""},"tablet":{"background-color":"","background-image":"","background-repeat":"repeat","background-position":"center center","background-size":"auto","background-attachment":"scroll","background-type":"","background-media":"","overlay-type":"","overlay-color":"","overlay-opacity":"","overlay-gradient":""},"mobile":{"background-color":"","background-image":"","background-repeat":"repeat","background-position":"center center","background-size":"auto","background-attachment":"scroll","background-type":"","background-media":"","overlay-type":"","overlay-color":"","overlay-opacity":"","overlay-gradient":""}},"ast-content-background-meta":{"desktop":{"background-color":"var(--ast-global-color-5)","background-image":"","background-repeat":"repeat","background-position":"center center","background-size":"auto","background-attachment":"scroll","background-type":"","background-media":"","overlay-type":"","overlay-color":"","overlay-opacity":"","overlay-gradient":""},"tablet":{"background-color":"var(--ast-global-color-5)","background-image":"","background-repeat":"repeat","background-position":"center center","background-size":"auto","background-attachment":"scroll","background-type":"","background-media":"","overlay-type":"","overlay-color":"","overlay-opacity":"","overlay-gradient":""},"mobile":{"background-color":"var(--ast-global-color-5)","background-image":"","background-repeat":"repeat","background-position":"center center","background-size":"auto","background-attachment":"scroll","background-type":"","background-media":"","overlay-type":"","overlay-color":"","overlay-opacity":"","overlay-gradient":""}},"footnotes":""},"class_list":["post-332","page","type-page","status-publish","hentry"],"_links":{"self":[{"href":"https:\/\/clockwise.ch\/de\/wp-json\/wp\/v2\/pages\/332","targetHints":{"allow":["GET"]}}],"collection":[{"href":"https:\/\/clockwise.ch\/de\/wp-json\/wp\/v2\/pages"}],"about":[{"href":"https:\/\/clockwise.ch\/de\/wp-json\/wp\/v2\/types\/page"}],"author":[{"embeddable":true,"href":"https:\/\/clockwise.ch\/de\/wp-json\/wp\/v2\/users\/2"}],"replies":[{"embeddable":true,"href":"https:\/\/clockwise.ch\/de\/wp-json\/wp\/v2\/comments?post=332"}],"version-history":[{"count":3,"href":"https:\/\/clockwise.ch\/de\/wp-json\/wp\/v2\/pages\/332\/revisions"}],"predecessor-version":[{"id":671,"href":"https:\/\/clockwise.ch\/de\/wp-json\/wp\/v2\/pages\/332\/revisions\/671"}],"up":[{"embeddable":true,"href":"https:\/\/clockwise.ch\/de\/wp-json\/wp\/v2\/pages\/316"}],"wp:attachment":[{"href":"https:\/\/clockwise.ch\/de\/wp-json\/wp\/v2\/media?parent=332"}],"curies":[{"name":"wp","href":"https:\/\/api.w.org\/{rel}","templated":true}]}}