{"id":328,"date":"2024-01-19T15:58:53","date_gmt":"2024-01-19T14:58:53","guid":{"rendered":"https:\/\/clockwise.ch\/shows\/event-management\/"},"modified":"2024-10-08T16:46:23","modified_gmt":"2024-10-08T14:46:23","slug":"event-management","status":"publish","type":"page","link":"https:\/\/clockwise.ch\/de\/shows\/event-management\/","title":{"rendered":"Event Management"},"content":{"rendered":"\n<h2 class=\"wp-block-heading\">Event Management<\/h2>\n\n\n\n<p>Gemeinsam mit Dir erarbeiten wir ein Event-Konzept, entwickeln Ideen f\u00fcr Attraktionen und Show-Einlagen, definieren die Anforderungen f\u00fcr Lokalit\u00e4t und Moderation und entwerfen das daf\u00fcr n\u00f6tige Budget. <br>Bei Bedarf \u00fcbernehmen wir die Detailarbeit und halten bis zur Durchf\u00fchrung alle F\u00e4den in der Hand.<\/p>\n\n\n\n<div class=\"wp-block-columns is-layout-flex wp-container-core-columns-is-layout-28f84493 wp-block-columns-is-layout-flex\">\n<div class=\"wp-block-column is-layout-flow wp-block-column-is-layout-flow\">\n<h3 class=\"wp-block-heading\">Konzeption &amp; Planung<\/h3>\n\n\n\n<p>Wir entwickeln<\/p>\n\n\n\n<ul class=\"wp-block-list\">\n<li>Event-Konzept<\/li>\n\n\n\n<li>Attraktionen &amp; Shows<\/li>\n\n\n\n<li>Lokalit\u00e4t, Moderation, Budget<\/li>\n<\/ul>\n<\/div>\n\n\n\n<div class=\"wp-block-column is-layout-flow wp-block-column-is-layout-flow\">\n<h3 class=\"wp-block-heading\">Umsetzung &amp; Durchf\u00fchrung<\/h3>\n\n\n\n<p>Wir \u00fcbernehmen<\/p>\n\n\n\n<ul class=\"wp-block-list\">\n<li>Detailarbeit der Vorbereitung<\/li>\n\n\n\n<li>Durchf\u00fchrung<\/li>\n\n\n\n<li>Budgetkontrolle &amp; Event-Abrechnung<\/li>\n<\/ul>\n<\/div>\n<\/div>\n\n\n\n<div class=\"wp-block-columns is-layout-flex wp-container-core-columns-is-layout-28f84493 wp-block-columns-is-layout-flex\">\n<div class=\"wp-block-column is-layout-flow wp-block-column-is-layout-flow\">\n<h3 class=\"wp-block-heading\">Unsere Mission<\/h3>\n\n\n\n<p>Dein Produkt.<br>Dein Event.<br>Unser Auftrag.<\/p>\n<\/div>\n\n\n\n<div class=\"wp-block-column is-layout-flow wp-block-column-is-layout-flow\">\n<h3 class=\"wp-block-heading\">Unser Versprechen<\/h3>\n\n\n\n<p>Wir unterst\u00fctzen Dich auf dem Weg zu Deinem n\u00e4chsten Ziel.<br>Wir passen unsere Dienstleistung Deinen Bed\u00fcrfnissen an und halten uns zur\u00fcck, wo Du selbst Profi bist.<\/p>\n<\/div>\n<\/div>\n\n\n\n<p>Nimm mit uns <a href=\"https:\/\/clockwise.ch\/de\/kontakt\/\" data-type=\"page\" data-id=\"65\">Kontakt<\/a> auf.<\/p>\n\n\n\n<p>Wir m\u00f6gen keinen Standard, unser Angebot ist daher nicht von der Stange. Wir entwickeln gerne ein passendes Dienstleistungspaket \u2013 am liebsten gemeinsam mit Dir.<\/p>\n\n\n\n<p><\/p>\n","protected":false},"excerpt":{"rendered":"<p>Event Management Gemeinsam mit Dir erarbeiten wir ein Event-Konzept, entwickeln Ideen f\u00fcr Attraktionen und Show-Einlagen, definieren die Anforderungen f\u00fcr Lokalit\u00e4t und Moderation und entwerfen das daf\u00fcr n\u00f6tige Budget. Bei Bedarf \u00fcbernehmen wir die Detailarbeit und halten bis zur Durchf\u00fchrung alle F\u00e4den in der Hand. Konzeption &amp; Planung Wir entwickeln Umsetzung &amp; Durchf\u00fchrung Wir \u00fcbernehmen Unsere [&hellip;]<\/p>\n","protected":false},"author":2,"featured_media":0,"parent":316,"menu_order":0,"comment_status":"closed","ping_status":"closed","template":"","meta":{"site-sidebar-layout":"default","site-content-layout":"","ast-site-content-layout":"default","site-content-style":"default","site-sidebar-style":"default","ast-global-header-display":"","ast-banner-title-visibility":"","ast-main-header-display":"","ast-hfb-above-header-display":"","ast-hfb-below-header-display":"","ast-hfb-mobile-header-display":"","site-post-title":"","ast-breadcrumbs-content":"","ast-featured-img":"","footer-sml-layout":"","ast-disable-related-posts":"","theme-transparent-header-meta":"","adv-header-id-meta":"","stick-header-meta":"","header-above-stick-meta":"","header-main-stick-meta":"","header-below-stick-meta":"","astra-migrate-meta-layouts":"default","ast-page-background-enabled":"default","ast-page-background-meta":{"desktop":{"background-color":"var(--ast-global-color-4)","background-image":"","background-repeat":"repeat","background-position":"center center","background-size":"auto","background-attachment":"scroll","background-type":"","background-media":"","overlay-type":"","overlay-color":"","overlay-opacity":"","overlay-gradient":""},"tablet":{"background-color":"","background-image":"","background-repeat":"repeat","background-position":"center center","background-size":"auto","background-attachment":"scroll","background-type":"","background-media":"","overlay-type":"","overlay-color":"","overlay-opacity":"","overlay-gradient":""},"mobile":{"background-color":"","background-image":"","background-repeat":"repeat","background-position":"center center","background-size":"auto","background-attachment":"scroll","background-type":"","background-media":"","overlay-type":"","overlay-color":"","overlay-opacity":"","overlay-gradient":""}},"ast-content-background-meta":{"desktop":{"background-color":"var(--ast-global-color-5)","background-image":"","background-repeat":"repeat","background-position":"center center","background-size":"auto","background-attachment":"scroll","background-type":"","background-media":"","overlay-type":"","overlay-color":"","overlay-opacity":"","overlay-gradient":""},"tablet":{"background-color":"var(--ast-global-color-5)","background-image":"","background-repeat":"repeat","background-position":"center center","background-size":"auto","background-attachment":"scroll","background-type":"","background-media":"","overlay-type":"","overlay-color":"","overlay-opacity":"","overlay-gradient":""},"mobile":{"background-color":"var(--ast-global-color-5)","background-image":"","background-repeat":"repeat","background-position":"center center","background-size":"auto","background-attachment":"scroll","background-type":"","background-media":"","overlay-type":"","overlay-color":"","overlay-opacity":"","overlay-gradient":""}},"footnotes":""},"class_list":["post-328","page","type-page","status-publish","hentry"],"_links":{"self":[{"href":"https:\/\/clockwise.ch\/de\/wp-json\/wp\/v2\/pages\/328","targetHints":{"allow":["GET"]}}],"collection":[{"href":"https:\/\/clockwise.ch\/de\/wp-json\/wp\/v2\/pages"}],"about":[{"href":"https:\/\/clockwise.ch\/de\/wp-json\/wp\/v2\/types\/page"}],"author":[{"embeddable":true,"href":"https:\/\/clockwise.ch\/de\/wp-json\/wp\/v2\/users\/2"}],"replies":[{"embeddable":true,"href":"https:\/\/clockwise.ch\/de\/wp-json\/wp\/v2\/comments?post=328"}],"version-history":[{"count":5,"href":"https:\/\/clockwise.ch\/de\/wp-json\/wp\/v2\/pages\/328\/revisions"}],"predecessor-version":[{"id":672,"href":"https:\/\/clockwise.ch\/de\/wp-json\/wp\/v2\/pages\/328\/revisions\/672"}],"up":[{"embeddable":true,"href":"https:\/\/clockwise.ch\/de\/wp-json\/wp\/v2\/pages\/316"}],"wp:attachment":[{"href":"https:\/\/clockwise.ch\/de\/wp-json\/wp\/v2\/media?parent=328"}],"curies":[{"name":"wp","href":"https:\/\/api.w.org\/{rel}","templated":true}]}}