{"id":327,"date":"2023-12-19T13:35:04","date_gmt":"2023-12-19T12:35:04","guid":{"rendered":"https:\/\/clockwise.ch\/social-media-workflows\/"},"modified":"2024-10-08T16:52:24","modified_gmt":"2024-10-08T14:52:24","slug":"social-media-workflows","status":"publish","type":"page","link":"https:\/\/clockwise.ch\/de\/services\/social-media-workflows\/","title":{"rendered":"Social Media Workflows"},"content":{"rendered":"\n<h2 class=\"wp-block-heading\">Social Media Workflows<\/h2>\n\n\n\n<p>Wir entwerfen den gesamten Ablauf Deiner Social Media-Aktivit\u00e4ten und ber\u00fccksichtigen dabei, was Du bereits erfolgreich tust. Wir legen mit Dir die Rollen der involvierten Personen fest und erarbeiten gemeinsam mit Deinen Produkt- und Marketing-Profis die Produktionsprozesse. Bei Bedarf unterst\u00fctzen wir Dich im Alltag bei der Planung, Kreation und Produktion der Stories und Inhalte sowie bei der Erfolgsmessung und der Strategie-Justierung.<\/p>\n\n\n\n<div class=\"wp-block-columns is-layout-flex wp-container-core-columns-is-layout-28f84493 wp-block-columns-is-layout-flex\">\n<div class=\"wp-block-column is-layout-flow wp-block-column-is-layout-flow\">\n<h3 class=\"wp-block-heading\">Konzeption<\/h3>\n\n\n\n<p>Wir entwickeln f\u00fcr Dich<\/p>\n\n\n\n<ul class=\"wp-block-list\">\n<li>Social Media-Prozesse<\/li>\n\n\n\n<li>Story-Telling &amp; Product Placement<\/li>\n\n\n\n<li>Rollenkonzepte &amp; Planung<\/li>\n<\/ul>\n<\/div>\n\n\n\n<div class=\"wp-block-column is-layout-flow wp-block-column-is-layout-flow\">\n<h3 class=\"wp-block-heading\">Betrieb<\/h3>\n\n\n\n<p>Wir \u00fcbernehmen im Alltag<\/p>\n\n\n\n<ul class=\"wp-block-list\">\n<li>Story-Entwicklung und Playout-Planung<\/li>\n\n\n\n<li>Inhaltskreation &amp; -produktion<\/li>\n\n\n\n<li>Reporting und Strategie-Justierung<\/li>\n<\/ul>\n<\/div>\n<\/div>\n\n\n\n<div class=\"wp-block-columns is-layout-flex wp-container-core-columns-is-layout-28f84493 wp-block-columns-is-layout-flex\">\n<div class=\"wp-block-column is-layout-flow wp-block-column-is-layout-flow\">\n<h3 class=\"wp-block-heading\">Unsere Mission<\/h3>\n\n\n\n<p>Dein Produkt.<br>Deine Pr\u00e4senz.<br>Unser Auftrag.<\/p>\n<\/div>\n\n\n\n<div class=\"wp-block-column is-layout-flow wp-block-column-is-layout-flow\">\n<h3 class=\"wp-block-heading\">Unser Versprechen<\/h3>\n\n\n\n<p>Wir unterst\u00fctzen Dich auf dem Weg zu Deinem n\u00e4chsten Ziel.<br>Wir passen unsere Dienstleistung Deinen Bed\u00fcrfnissen an und halten uns zur\u00fcck, wo Du selbst Profi bist.<\/p>\n<\/div>\n<\/div>\n\n\n\n<p>Nimm mit uns <a href=\"https:\/\/clockwise.ch\/de\/kontakt\/\" data-type=\"page\" data-id=\"65\">Kontakt<\/a> auf.<\/p>\n\n\n\n<p>Wir m\u00f6gen keinen Standard, unser Angebot ist also nicht von der Stange. Wir entwickeln gerne ein passendes Dienstleistungspaket \u2013 am liebsten gemeinsam mit Dir.<\/p>\n\n\n\n<p><\/p>\n","protected":false},"excerpt":{"rendered":"<p>Social Media Workflows Wir entwerfen den gesamten Ablauf Deiner Social Media-Aktivit\u00e4ten und ber\u00fccksichtigen dabei, was Du bereits erfolgreich tust. Wir legen mit Dir die Rollen der involvierten Personen fest und erarbeiten gemeinsam mit Deinen Produkt- und Marketing-Profis die Produktionsprozesse. Bei Bedarf unterst\u00fctzen wir Dich im Alltag bei der Planung, Kreation und Produktion der Stories und [&hellip;]<\/p>\n","protected":false},"author":2,"featured_media":0,"parent":375,"menu_order":0,"comment_status":"closed","ping_status":"closed","template":"","meta":{"site-sidebar-layout":"default","site-content-layout":"","ast-site-content-layout":"default","site-content-style":"default","site-sidebar-style":"default","ast-global-header-display":"","ast-banner-title-visibility":"","ast-main-header-display":"","ast-hfb-above-header-display":"","ast-hfb-below-header-display":"","ast-hfb-mobile-header-display":"","site-post-title":"","ast-breadcrumbs-content":"","ast-featured-img":"","footer-sml-layout":"","ast-disable-related-posts":"","theme-transparent-header-meta":"","adv-header-id-meta":"","stick-header-meta":"","header-above-stick-meta":"","header-main-stick-meta":"","header-below-stick-meta":"","astra-migrate-meta-layouts":"default","ast-page-background-enabled":"default","ast-page-background-meta":{"desktop":{"background-color":"var(--ast-global-color-4)","background-image":"","background-repeat":"repeat","background-position":"center center","background-size":"auto","background-attachment":"scroll","background-type":"","background-media":"","overlay-type":"","overlay-color":"","overlay-opacity":"","overlay-gradient":""},"tablet":{"background-color":"","background-image":"","background-repeat":"repeat","background-position":"center center","background-size":"auto","background-attachment":"scroll","background-type":"","background-media":"","overlay-type":"","overlay-color":"","overlay-opacity":"","overlay-gradient":""},"mobile":{"background-color":"","background-image":"","background-repeat":"repeat","background-position":"center center","background-size":"auto","background-attachment":"scroll","background-type":"","background-media":"","overlay-type":"","overlay-color":"","overlay-opacity":"","overlay-gradient":""}},"ast-content-background-meta":{"desktop":{"background-color":"var(--ast-global-color-5)","background-image":"","background-repeat":"repeat","background-position":"center center","background-size":"auto","background-attachment":"scroll","background-type":"","background-media":"","overlay-type":"","overlay-color":"","overlay-opacity":"","overlay-gradient":""},"tablet":{"background-color":"var(--ast-global-color-5)","background-image":"","background-repeat":"repeat","background-position":"center center","background-size":"auto","background-attachment":"scroll","background-type":"","background-media":"","overlay-type":"","overlay-color":"","overlay-opacity":"","overlay-gradient":""},"mobile":{"background-color":"var(--ast-global-color-5)","background-image":"","background-repeat":"repeat","background-position":"center center","background-size":"auto","background-attachment":"scroll","background-type":"","background-media":"","overlay-type":"","overlay-color":"","overlay-opacity":"","overlay-gradient":""}},"footnotes":""},"class_list":["post-327","page","type-page","status-publish","hentry"],"_links":{"self":[{"href":"https:\/\/clockwise.ch\/de\/wp-json\/wp\/v2\/pages\/327","targetHints":{"allow":["GET"]}}],"collection":[{"href":"https:\/\/clockwise.ch\/de\/wp-json\/wp\/v2\/pages"}],"about":[{"href":"https:\/\/clockwise.ch\/de\/wp-json\/wp\/v2\/types\/page"}],"author":[{"embeddable":true,"href":"https:\/\/clockwise.ch\/de\/wp-json\/wp\/v2\/users\/2"}],"replies":[{"embeddable":true,"href":"https:\/\/clockwise.ch\/de\/wp-json\/wp\/v2\/comments?post=327"}],"version-history":[{"count":6,"href":"https:\/\/clockwise.ch\/de\/wp-json\/wp\/v2\/pages\/327\/revisions"}],"predecessor-version":[{"id":680,"href":"https:\/\/clockwise.ch\/de\/wp-json\/wp\/v2\/pages\/327\/revisions\/680"}],"up":[{"embeddable":true,"href":"https:\/\/clockwise.ch\/de\/wp-json\/wp\/v2\/pages\/375"}],"wp:attachment":[{"href":"https:\/\/clockwise.ch\/de\/wp-json\/wp\/v2\/media?parent=327"}],"curies":[{"name":"wp","href":"https:\/\/api.w.org\/{rel}","templated":true}]}}