{"id":321,"date":"2023-12-19T13:37:13","date_gmt":"2023-12-19T12:37:13","guid":{"rendered":"https:\/\/clockwise.ch\/management-promotion\/acts-bands-art-groups\/"},"modified":"2024-10-08T15:46:14","modified_gmt":"2024-10-08T13:46:14","slug":"acts-bands-art-groups","status":"publish","type":"page","link":"https:\/\/clockwise.ch\/de\/management-promotion\/acts-bands-art-groups\/","title":{"rendered":"Acts, Bands, Art Groups"},"content":{"rendered":"\n<h2 class=\"wp-block-heading\">Acts, Bands, Art Groups<\/h2>\n\n\n\n<p>Wir begleiten Euch beim Aufbau oder bei der Pflege Eures professionellen Auftritts.<br>Wir erledigen Euren Papierkram.<\/p>\n\n\n\n<div class=\"wp-block-columns is-layout-flex wp-container-core-columns-is-layout-28f84493 wp-block-columns-is-layout-flex\">\n<div class=\"wp-block-column is-layout-flow wp-block-column-is-layout-flow\">\n<h3 class=\"wp-block-heading\">Sichtbar<\/h3>\n\n\n\n<p>Wir treten f\u00fcr Euch auf<\/p>\n\n\n\n<ul class=\"wp-block-list\">\n<li>Management<\/li>\n\n\n\n<li>Booking<\/li>\n\n\n\n<li>Medienarbeit \/ PR<\/li>\n<\/ul>\n<\/div>\n\n\n\n<div class=\"wp-block-column is-layout-flow wp-block-column-is-layout-flow\">\n<h3 class=\"wp-block-heading\">Unsichtbar<\/h3>\n\n\n\n<p>Wir erledigen im Hintergrund<\/p>\n\n\n\n<ul class=\"wp-block-list\">\n<li>Gig-Vertr\u00e4ge<\/li>\n\n\n\n<li>Lohnabwicklung, Sozialleistungen<\/li>\n\n\n\n<li>Verrechnung &amp; Inkasso, Buchhaltung<\/li>\n<\/ul>\n<\/div>\n<\/div>\n\n\n\n<div class=\"wp-block-columns is-layout-flex wp-container-core-columns-is-layout-28f84493 wp-block-columns-is-layout-flex\">\n<div class=\"wp-block-column is-layout-flow wp-block-column-is-layout-flow\">\n<h3 class=\"wp-block-heading\">Unsere Mission<\/h3>\n\n\n\n<p>Eure Identit\u00e4t.<br>Eure Show.<br>Unser Auftrag.<\/p>\n<\/div>\n\n\n\n<div class=\"wp-block-column is-layout-flow wp-block-column-is-layout-flow\">\n<h3 class=\"wp-block-heading\">Unser Versprechen<\/h3>\n\n\n\n<p>Wir unterst\u00fctzen Euch auf dem Weg zu Eurem n\u00e4chsten Ziel.<br>Wir passen unsere Dienstleistung Euren Bed\u00fcrfnissen an und halten uns zur\u00fcck, wo Ihr selbst Profis seid.<\/p>\n<\/div>\n<\/div>\n\n\n\n<p>Wir m\u00f6gen keinen Standard, unser Angebot ist daher nicht von der Stange. Wir entwickeln gerne ein passendes Dienstleistungspaket &#8211; am liebsten gemeinsam mit Euch.<\/p>\n\n\n\n<p>Nimm mit uns <a href=\"https:\/\/clockwise.ch\/de\/contact\/\" data-type=\"page\" data-id=\"65\">Kontakt<\/a> auf.<\/p>\n","protected":false},"excerpt":{"rendered":"<p>Acts, Bands, Art Groups Wir begleiten Euch beim Aufbau oder bei der Pflege Eures professionellen Auftritts.Wir erledigen Euren Papierkram. Sichtbar Wir treten f\u00fcr Euch auf Unsichtbar Wir erledigen im Hintergrund Unsere Mission Eure Identit\u00e4t.Eure Show.Unser Auftrag. Unser Versprechen Wir unterst\u00fctzen Euch auf dem Weg zu Eurem n\u00e4chsten Ziel.Wir passen unsere Dienstleistung Euren Bed\u00fcrfnissen an und [&hellip;]<\/p>\n","protected":false},"author":2,"featured_media":0,"parent":320,"menu_order":0,"comment_status":"closed","ping_status":"closed","template":"","meta":{"site-sidebar-layout":"default","site-content-layout":"","ast-site-content-layout":"default","site-content-style":"default","site-sidebar-style":"default","ast-global-header-display":"","ast-banner-title-visibility":"","ast-main-header-display":"","ast-hfb-above-header-display":"","ast-hfb-below-header-display":"","ast-hfb-mobile-header-display":"","site-post-title":"","ast-breadcrumbs-content":"","ast-featured-img":"","footer-sml-layout":"","ast-disable-related-posts":"","theme-transparent-header-meta":"","adv-header-id-meta":"","stick-header-meta":"","header-above-stick-meta":"","header-main-stick-meta":"","header-below-stick-meta":"","astra-migrate-meta-layouts":"default","ast-page-background-enabled":"default","ast-page-background-meta":{"desktop":{"background-color":"var(--ast-global-color-4)","background-image":"","background-repeat":"repeat","background-position":"center center","background-size":"auto","background-attachment":"scroll","background-type":"","background-media":"","overlay-type":"","overlay-color":"","overlay-opacity":"","overlay-gradient":""},"tablet":{"background-color":"","background-image":"","background-repeat":"repeat","background-position":"center center","background-size":"auto","background-attachment":"scroll","background-type":"","background-media":"","overlay-type":"","overlay-color":"","overlay-opacity":"","overlay-gradient":""},"mobile":{"background-color":"","background-image":"","background-repeat":"repeat","background-position":"center center","background-size":"auto","background-attachment":"scroll","background-type":"","background-media":"","overlay-type":"","overlay-color":"","overlay-opacity":"","overlay-gradient":""}},"ast-content-background-meta":{"desktop":{"background-color":"var(--ast-global-color-5)","background-image":"","background-repeat":"repeat","background-position":"center center","background-size":"auto","background-attachment":"scroll","background-type":"","background-media":"","overlay-type":"","overlay-color":"","overlay-opacity":"","overlay-gradient":""},"tablet":{"background-color":"var(--ast-global-color-5)","background-image":"","background-repeat":"repeat","background-position":"center center","background-size":"auto","background-attachment":"scroll","background-type":"","background-media":"","overlay-type":"","overlay-color":"","overlay-opacity":"","overlay-gradient":""},"mobile":{"background-color":"var(--ast-global-color-5)","background-image":"","background-repeat":"repeat","background-position":"center center","background-size":"auto","background-attachment":"scroll","background-type":"","background-media":"","overlay-type":"","overlay-color":"","overlay-opacity":"","overlay-gradient":""}},"footnotes":""},"class_list":["post-321","page","type-page","status-publish","hentry"],"_links":{"self":[{"href":"https:\/\/clockwise.ch\/de\/wp-json\/wp\/v2\/pages\/321","targetHints":{"allow":["GET"]}}],"collection":[{"href":"https:\/\/clockwise.ch\/de\/wp-json\/wp\/v2\/pages"}],"about":[{"href":"https:\/\/clockwise.ch\/de\/wp-json\/wp\/v2\/types\/page"}],"author":[{"embeddable":true,"href":"https:\/\/clockwise.ch\/de\/wp-json\/wp\/v2\/users\/2"}],"replies":[{"embeddable":true,"href":"https:\/\/clockwise.ch\/de\/wp-json\/wp\/v2\/comments?post=321"}],"version-history":[{"count":8,"href":"https:\/\/clockwise.ch\/de\/wp-json\/wp\/v2\/pages\/321\/revisions"}],"predecessor-version":[{"id":628,"href":"https:\/\/clockwise.ch\/de\/wp-json\/wp\/v2\/pages\/321\/revisions\/628"}],"up":[{"embeddable":true,"href":"https:\/\/clockwise.ch\/de\/wp-json\/wp\/v2\/pages\/320"}],"wp:attachment":[{"href":"https:\/\/clockwise.ch\/de\/wp-json\/wp\/v2\/media?parent=321"}],"curies":[{"name":"wp","href":"https:\/\/api.w.org\/{rel}","templated":true}]}}