{"id":320,"date":"2024-01-19T15:56:42","date_gmt":"2024-01-19T14:56:42","guid":{"rendered":"https:\/\/clockwise.ch\/management-promotion\/"},"modified":"2024-10-08T15:57:45","modified_gmt":"2024-10-08T13:57:45","slug":"management-promotion","status":"publish","type":"page","link":"https:\/\/clockwise.ch\/de\/management-promotion\/","title":{"rendered":"Management &amp; Promotion"},"content":{"rendered":"\n<h2 class=\"wp-block-heading\">Management &amp; Promotion<\/h2>\n\n\n\n<p>Du hast eine Marke, ein Produkt oder ein ganzes KMU, das bekannt gemacht werden soll? Du bist eine bekannte Pers\u00f6nlichkeit oder willst das werden? Oder Du bist Teil einer Gruppe, die in der \u00d6ffentlichkeit auftritt? Wir sind f\u00fcr Dich da!<\/p>\n\n\n\n<div class=\"wp-block-columns is-layout-flex wp-container-core-columns-is-layout-28f84493 wp-block-columns-is-layout-flex\">\n<div class=\"wp-block-column is-layout-flow wp-block-column-is-layout-flow\">\n<h3 class=\"wp-block-heading\">Pers\u00f6nlichkeiten<\/h3>\n\n\n\n<ul class=\"wp-block-list\">\n<li>Management &amp; Booking<\/li>\n\n\n\n<li>Medienarbeit \/ PR<\/li>\n\n\n\n<li>Administration<\/li>\n\n\n\n<li><a href=\"https:\/\/clockwise.ch\/de\/management-promotion\/persoenlichkeiten\/\" data-type=\"page\" data-id=\"323\">mehr&#8230;<\/a><\/li>\n<\/ul>\n<\/div>\n\n\n\n<div class=\"wp-block-column is-layout-flow wp-block-column-is-layout-flow\">\n<h3 class=\"wp-block-heading\">Acts, Bands, Art Groups<\/h3>\n\n\n\n<ul class=\"wp-block-list\">\n<li>Management &amp; Booking<\/li>\n\n\n\n<li>Public Relation<\/li>\n\n\n\n<li>Producing<\/li>\n\n\n\n<li><a href=\"https:\/\/clockwise.ch\/de\/management-promotion\/acts-bands-art-groups\/\" data-type=\"page\" data-id=\"321\">mehr&#8230;<\/a><\/li>\n<\/ul>\n<\/div>\n<\/div>\n\n\n\n<div class=\"wp-block-columns is-layout-flex wp-container-core-columns-is-layout-28f84493 wp-block-columns-is-layout-flex\">\n<div class=\"wp-block-column is-layout-flow wp-block-column-is-layout-flow\">\n<h3 class=\"wp-block-heading\">Brands &amp; Products<\/h3>\n\n\n\n<ul class=\"wp-block-list\">\n<li>Marketing-Konzepte &amp; PR-Strategien<\/li>\n\n\n\n<li>Inhaltsplanung, Storyboards<\/li>\n\n\n\n<li>Produktion, Promotion etc.<\/li>\n\n\n\n<li><a href=\"https:\/\/clockwise.ch\/de\/management-promotion\/brands-products\/\" data-type=\"page\" data-id=\"340\">mehr&#8230;<\/a><\/li>\n<\/ul>\n<\/div>\n\n\n\n<div class=\"wp-block-column is-layout-flow wp-block-column-is-layout-flow\">\n<h3 class=\"wp-block-heading\">KMU Promotion<\/h3>\n\n\n\n<ul class=\"wp-block-list\">\n<li>Marketing, PR, Social Media<\/li>\n\n\n\n<li>Story Telling<\/li>\n\n\n\n<li>Planung &amp; Produktion<\/li>\n\n\n\n<li><a href=\"https:\/\/clockwise.ch\/de\/management-promotion\/kmu-promotion\/\" data-type=\"page\" data-id=\"325\">mehr&#8230;<\/a><\/li>\n<\/ul>\n<\/div>\n<\/div>\n\n\n\n<p>Wir m\u00f6gen keinen Standard, unser Angebot ist daher nicht von der Stange. Wir entwickeln gerne ein passendes Dienstleistungspaket \u2013 am liebsten gemeinsam mit Euch.<\/p>\n\n\n\n<p>Nimm mit uns <a href=\"https:\/\/clockwise.ch\/de\/contact\/\" data-type=\"page\" data-id=\"65\">Kontakt<\/a> auf.<\/p>\n\n\n\n<p><\/p>\n","protected":false},"excerpt":{"rendered":"<p>Management &amp; Promotion Du hast eine Marke, ein Produkt oder ein ganzes KMU, das bekannt gemacht werden soll? Du bist eine bekannte Pers\u00f6nlichkeit oder willst das werden? Oder Du bist Teil einer Gruppe, die in der \u00d6ffentlichkeit auftritt? Wir sind f\u00fcr Dich da! Pers\u00f6nlichkeiten Acts, Bands, Art Groups Brands &amp; Products KMU Promotion Wir m\u00f6gen [&hellip;]<\/p>\n","protected":false},"author":2,"featured_media":0,"parent":0,"menu_order":0,"comment_status":"closed","ping_status":"closed","template":"","meta":{"site-sidebar-layout":"default","site-content-layout":"","ast-site-content-layout":"default","site-content-style":"default","site-sidebar-style":"default","ast-global-header-display":"","ast-banner-title-visibility":"","ast-main-header-display":"","ast-hfb-above-header-display":"","ast-hfb-below-header-display":"","ast-hfb-mobile-header-display":"","site-post-title":"","ast-breadcrumbs-content":"","ast-featured-img":"","footer-sml-layout":"","ast-disable-related-posts":"","theme-transparent-header-meta":"","adv-header-id-meta":"","stick-header-meta":"","header-above-stick-meta":"","header-main-stick-meta":"","header-below-stick-meta":"","astra-migrate-meta-layouts":"default","ast-page-background-enabled":"default","ast-page-background-meta":{"desktop":{"background-color":"var(--ast-global-color-4)","background-image":"","background-repeat":"repeat","background-position":"center center","background-size":"auto","background-attachment":"scroll","background-type":"","background-media":"","overlay-type":"","overlay-color":"","overlay-opacity":"","overlay-gradient":""},"tablet":{"background-color":"","background-image":"","background-repeat":"repeat","background-position":"center center","background-size":"auto","background-attachment":"scroll","background-type":"","background-media":"","overlay-type":"","overlay-color":"","overlay-opacity":"","overlay-gradient":""},"mobile":{"background-color":"","background-image":"","background-repeat":"repeat","background-position":"center center","background-size":"auto","background-attachment":"scroll","background-type":"","background-media":"","overlay-type":"","overlay-color":"","overlay-opacity":"","overlay-gradient":""}},"ast-content-background-meta":{"desktop":{"background-color":"var(--ast-global-color-5)","background-image":"","background-repeat":"repeat","background-position":"center center","background-size":"auto","background-attachment":"scroll","background-type":"","background-media":"","overlay-type":"","overlay-color":"","overlay-opacity":"","overlay-gradient":""},"tablet":{"background-color":"var(--ast-global-color-5)","background-image":"","background-repeat":"repeat","background-position":"center center","background-size":"auto","background-attachment":"scroll","background-type":"","background-media":"","overlay-type":"","overlay-color":"","overlay-opacity":"","overlay-gradient":""},"mobile":{"background-color":"var(--ast-global-color-5)","background-image":"","background-repeat":"repeat","background-position":"center center","background-size":"auto","background-attachment":"scroll","background-type":"","background-media":"","overlay-type":"","overlay-color":"","overlay-opacity":"","overlay-gradient":""}},"footnotes":""},"class_list":["post-320","page","type-page","status-publish","hentry"],"_links":{"self":[{"href":"https:\/\/clockwise.ch\/de\/wp-json\/wp\/v2\/pages\/320","targetHints":{"allow":["GET"]}}],"collection":[{"href":"https:\/\/clockwise.ch\/de\/wp-json\/wp\/v2\/pages"}],"about":[{"href":"https:\/\/clockwise.ch\/de\/wp-json\/wp\/v2\/types\/page"}],"author":[{"embeddable":true,"href":"https:\/\/clockwise.ch\/de\/wp-json\/wp\/v2\/users\/2"}],"replies":[{"embeddable":true,"href":"https:\/\/clockwise.ch\/de\/wp-json\/wp\/v2\/comments?post=320"}],"version-history":[{"count":11,"href":"https:\/\/clockwise.ch\/de\/wp-json\/wp\/v2\/pages\/320\/revisions"}],"predecessor-version":[{"id":633,"href":"https:\/\/clockwise.ch\/de\/wp-json\/wp\/v2\/pages\/320\/revisions\/633"}],"wp:attachment":[{"href":"https:\/\/clockwise.ch\/de\/wp-json\/wp\/v2\/media?parent=320"}],"curies":[{"name":"wp","href":"https:\/\/api.w.org\/{rel}","templated":true}]}}