{"id":318,"date":"2023-12-19T14:16:08","date_gmt":"2023-12-19T13:16:08","guid":{"rendered":"https:\/\/clockwise.ch\/home\/"},"modified":"2024-10-03T15:29:40","modified_gmt":"2024-10-03T13:29:40","slug":"home-de","status":"publish","type":"page","link":"https:\/\/clockwise.ch\/de\/","title":{"rendered":"Home"},"content":{"rendered":"\n<h2 class=\"wp-block-heading\">Wir machen bekannt &amp; k\u00fcmmern uns&#8230;<\/h2>\n\n\n\n<p>Du oder Dein Produkt sollen in der \u00d6ffentlichkeit bekannt werden? Wir sind f\u00fcr Dich da!<\/p>\n\n\n\n<div class=\"wp-block-columns is-layout-flex wp-container-core-columns-is-layout-28f84493 wp-block-columns-is-layout-flex\">\n<div class=\"wp-block-column is-layout-flow wp-block-column-is-layout-flow\">\n<h3 class=\"wp-block-heading\">Management &amp; Promotion<\/h3>\n\n\n\n<ul class=\"wp-block-list\">\n<li>Pers\u00f6nlichkeiten<\/li>\n\n\n\n<li>Acts, Art Groups<\/li>\n\n\n\n<li>Brands &amp; Products<\/li>\n\n\n\n<li>KMU Promotion<\/li>\n\n\n\n<li><a href=\"https:\/\/clockwise.ch\/de\/management-promotion\/\" data-type=\"page\" data-id=\"320\">mehr&#8230;<\/a><\/li>\n<\/ul>\n<\/div>\n\n\n\n<div class=\"wp-block-column is-layout-flow wp-block-column-is-layout-flow\">\n<h3 class=\"wp-block-heading\">Shows<\/h3>\n\n\n\n<ul class=\"wp-block-list\">\n<li>Influencer Experiences<\/li>\n\n\n\n<li>Scripted Shows<\/li>\n\n\n\n<li>Event Management<\/li>\n\n\n\n<li>Moderation<\/li>\n\n\n\n<li><a href=\"https:\/\/clockwise.ch\/de\/shows\/\" data-type=\"page\" data-id=\"316\">mehr&#8230;<\/a><\/li>\n<\/ul>\n<\/div>\n<\/div>\n\n\n\n<div class=\"wp-block-columns is-layout-flex wp-container-core-columns-is-layout-28f84493 wp-block-columns-is-layout-flex\">\n<div class=\"wp-block-column is-layout-flow wp-block-column-is-layout-flow\">\n<h3 class=\"wp-block-heading\">Services<\/h3>\n\n\n\n<ul class=\"wp-block-list\">\n<li>PR-Services<\/li>\n\n\n\n<li>Social Media Workflows<\/li>\n\n\n\n<li>CRM-Prozesse<\/li>\n\n\n\n<li>KMU-Digitalisierung<\/li>\n\n\n\n<li><a href=\"https:\/\/clockwise.ch\/de\/services\/\" data-type=\"page\" data-id=\"375\">mehr&#8230;<\/a><\/li>\n<\/ul>\n<\/div>\n\n\n\n<div class=\"wp-block-column is-layout-flow wp-block-column-is-layout-flow\">\n<h3 class=\"wp-block-heading\">Individuell<\/h3>\n\n\n\n<ul class=\"wp-block-list\">\n<li>Standard-Produkte? Fehlanzeige.<\/li>\n\n\n\n<li><a href=\"https:\/\/clockwise.ch\/de\/kontakt\/\" data-type=\"page\" data-id=\"317\">Sprich mit uns!<\/a><\/li>\n<\/ul>\n<\/div>\n<\/div>\n\n\n\n<p>Wir m\u00f6gen keinen Standard, unser Angebot ist daher nicht von der Stange. Wir entwickeln gerne ein passendes Dienstleistungspaket &#8211; am liebsten gemeinsam mit Euch.<\/p>\n\n\n\n<p>Nimm mit uns <a href=\"https:\/\/clockwise.ch\/de\/contact\/\" data-type=\"page\" data-id=\"65\">Kontakt<\/a> auf.<\/p>\n","protected":false},"excerpt":{"rendered":"<p>Wir machen bekannt &amp; k\u00fcmmern uns&#8230; Du oder Dein Produkt sollen in der \u00d6ffentlichkeit bekannt werden? Wir sind f\u00fcr Dich da! Management &amp; Promotion Shows Services Individuell Wir m\u00f6gen keinen Standard, unser Angebot ist daher nicht von der Stange. Wir entwickeln gerne ein passendes Dienstleistungspaket &#8211; am liebsten gemeinsam mit Euch. Nimm mit uns Kontakt [&hellip;]<\/p>\n","protected":false},"author":2,"featured_media":0,"parent":0,"menu_order":0,"comment_status":"closed","ping_status":"closed","template":"","meta":{"site-sidebar-layout":"default","site-content-layout":"","ast-site-content-layout":"default","site-content-style":"default","site-sidebar-style":"default","ast-global-header-display":"","ast-banner-title-visibility":"","ast-main-header-display":"","ast-hfb-above-header-display":"","ast-hfb-below-header-display":"","ast-hfb-mobile-header-display":"","site-post-title":"","ast-breadcrumbs-content":"","ast-featured-img":"","footer-sml-layout":"","ast-disable-related-posts":"","theme-transparent-header-meta":"","adv-header-id-meta":"","stick-header-meta":"","header-above-stick-meta":"","header-main-stick-meta":"","header-below-stick-meta":"","astra-migrate-meta-layouts":"default","ast-page-background-enabled":"default","ast-page-background-meta":{"desktop":{"background-color":"var(--ast-global-color-4)","background-image":"","background-repeat":"repeat","background-position":"center center","background-size":"auto","background-attachment":"scroll","background-type":"","background-media":"","overlay-type":"","overlay-color":"","overlay-opacity":"","overlay-gradient":""},"tablet":{"background-color":"","background-image":"","background-repeat":"repeat","background-position":"center center","background-size":"auto","background-attachment":"scroll","background-type":"","background-media":"","overlay-type":"","overlay-color":"","overlay-opacity":"","overlay-gradient":""},"mobile":{"background-color":"","background-image":"","background-repeat":"repeat","background-position":"center center","background-size":"auto","background-attachment":"scroll","background-type":"","background-media":"","overlay-type":"","overlay-color":"","overlay-opacity":"","overlay-gradient":""}},"ast-content-background-meta":{"desktop":{"background-color":"var(--ast-global-color-5)","background-image":"","background-repeat":"repeat","background-position":"center center","background-size":"auto","background-attachment":"scroll","background-type":"","background-media":"","overlay-type":"","overlay-color":"","overlay-opacity":"","overlay-gradient":""},"tablet":{"background-color":"var(--ast-global-color-5)","background-image":"","background-repeat":"repeat","background-position":"center center","background-size":"auto","background-attachment":"scroll","background-type":"","background-media":"","overlay-type":"","overlay-color":"","overlay-opacity":"","overlay-gradient":""},"mobile":{"background-color":"var(--ast-global-color-5)","background-image":"","background-repeat":"repeat","background-position":"center center","background-size":"auto","background-attachment":"scroll","background-type":"","background-media":"","overlay-type":"","overlay-color":"","overlay-opacity":"","overlay-gradient":""}},"footnotes":""},"class_list":["post-318","page","type-page","status-publish","hentry"],"_links":{"self":[{"href":"https:\/\/clockwise.ch\/de\/wp-json\/wp\/v2\/pages\/318","targetHints":{"allow":["GET"]}}],"collection":[{"href":"https:\/\/clockwise.ch\/de\/wp-json\/wp\/v2\/pages"}],"about":[{"href":"https:\/\/clockwise.ch\/de\/wp-json\/wp\/v2\/types\/page"}],"author":[{"embeddable":true,"href":"https:\/\/clockwise.ch\/de\/wp-json\/wp\/v2\/users\/2"}],"replies":[{"embeddable":true,"href":"https:\/\/clockwise.ch\/de\/wp-json\/wp\/v2\/comments?post=318"}],"version-history":[{"count":8,"href":"https:\/\/clockwise.ch\/de\/wp-json\/wp\/v2\/pages\/318\/revisions"}],"predecessor-version":[{"id":518,"href":"https:\/\/clockwise.ch\/de\/wp-json\/wp\/v2\/pages\/318\/revisions\/518"}],"wp:attachment":[{"href":"https:\/\/clockwise.ch\/de\/wp-json\/wp\/v2\/media?parent=318"}],"curies":[{"name":"wp","href":"https:\/\/api.w.org\/{rel}","templated":true}]}}