{"id":316,"date":"2024-01-19T15:58:03","date_gmt":"2024-01-19T14:58:03","guid":{"rendered":"https:\/\/clockwise.ch\/shows\/"},"modified":"2024-10-08T16:26:29","modified_gmt":"2024-10-08T14:26:29","slug":"shows","status":"publish","type":"page","link":"https:\/\/clockwise.ch\/de\/shows\/","title":{"rendered":"Shows"},"content":{"rendered":"\n<h2 class=\"wp-block-heading\">Shows<\/h2>\n\n\n\n<p>Du m\u00f6chtest Dein Produkt von Influencern bewerben lassen oder eine gescriptete Show veranstalten? Du brauchst die Event-Moderation oder m\u00f6chtest gleich die ganze Veranstaltung geplant haben? Wir sind f\u00fcr Dich da!<\/p>\n\n\n\n<div class=\"wp-block-columns is-layout-flex wp-container-core-columns-is-layout-28f84493 wp-block-columns-is-layout-flex\">\n<div class=\"wp-block-column is-layout-flow wp-block-column-is-layout-flow\">\n<h3 class=\"wp-block-heading\">Influencer Experiences<\/h3>\n\n\n\n<ul class=\"wp-block-list\">\n<li>Serial &amp; Progressive Stories<\/li>\n\n\n\n<li>Product Placement<\/li>\n\n\n\n<li>Scripting &amp; Durchf\u00fchrung<\/li>\n\n\n\n<li><a href=\"https:\/\/clockwise.ch\/de\/shows\/influencer-experiences\/\" data-type=\"page\" data-id=\"329\">mehr&#8230;<\/a><\/li>\n<\/ul>\n<\/div>\n\n\n\n<div class=\"wp-block-column is-layout-flow wp-block-column-is-layout-flow\">\n<h3 class=\"wp-block-heading\">Scripted Shows<\/h3>\n\n\n\n<ul class=\"wp-block-list\">\n<li>Konzeption, Planung, Durchf\u00fchrung<\/li>\n\n\n\n<li>Idea &amp; Story Creation<\/li>\n\n\n\n<li>Briefings, Abwicklung<\/li>\n\n\n\n<li><a href=\"https:\/\/clockwise.ch\/de\/shows\/scripted-shows\/\" data-type=\"page\" data-id=\"332\">mehr&#8230;<\/a><\/li>\n<\/ul>\n<\/div>\n<\/div>\n\n\n\n<div class=\"wp-block-columns is-layout-flex wp-container-core-columns-is-layout-28f84493 wp-block-columns-is-layout-flex\">\n<div class=\"wp-block-column is-layout-flow wp-block-column-is-layout-flow\">\n<h3 class=\"wp-block-heading\">Event Management<\/h3>\n\n\n\n<ul class=\"wp-block-list\">\n<li>Event-Konzept, Attraktionen, Booking<\/li>\n\n\n\n<li>Planung &amp; Durchf\u00fchrung<\/li>\n\n\n\n<li>Booking, Budget, Administration<\/li>\n\n\n\n<li><a href=\"https:\/\/clockwise.ch\/de\/shows\/event-management\/\" data-type=\"page\" data-id=\"328\">mehr&#8230;<\/a><\/li>\n<\/ul>\n<\/div>\n\n\n\n<div class=\"wp-block-column is-layout-flow wp-block-column-is-layout-flow\">\n<h3 class=\"wp-block-heading\">Moderation<\/h3>\n\n\n\n<ul class=\"wp-block-list\">\n<li>Moderations-Scripting &amp; -Booking<\/li>\n\n\n\n<li>Story Creation, Vorbereitung, Scripting<\/li>\n\n\n\n<li>Briefings &amp; Durchf\u00fchrung<\/li>\n\n\n\n<li><a href=\"https:\/\/clockwise.ch\/de\/shows\/moderation\/\" data-type=\"page\" data-id=\"331\">mehr&#8230;<\/a><\/li>\n<\/ul>\n<\/div>\n<\/div>\n\n\n\n<p>Wir m\u00f6gen keinen Standard, unser Angebot ist daher nicht von der Stange. Wir entwickeln gerne ein passendes Dienstleistungspaket \u2013 am liebsten gemeinsam mit Euch.<\/p>\n\n\n\n<p>Nimm mit uns <a href=\"https:\/\/clockwise.ch\/de\/kontakt\/\" data-type=\"page\" data-id=\"65\">Kontakt<\/a> auf.<\/p>\n\n\n\n<p><\/p>\n","protected":false},"excerpt":{"rendered":"<p>Shows Du m\u00f6chtest Dein Produkt von Influencern bewerben lassen oder eine gescriptete Show veranstalten? Du brauchst die Event-Moderation oder m\u00f6chtest gleich die ganze Veranstaltung geplant haben? Wir sind f\u00fcr Dich da! Influencer Experiences Scripted Shows Event Management Moderation Wir m\u00f6gen keinen Standard, unser Angebot ist daher nicht von der Stange. Wir entwickeln gerne ein passendes [&hellip;]<\/p>\n","protected":false},"author":2,"featured_media":0,"parent":0,"menu_order":0,"comment_status":"closed","ping_status":"closed","template":"","meta":{"site-sidebar-layout":"default","site-content-layout":"","ast-site-content-layout":"default","site-content-style":"default","site-sidebar-style":"default","ast-global-header-display":"","ast-banner-title-visibility":"","ast-main-header-display":"","ast-hfb-above-header-display":"","ast-hfb-below-header-display":"","ast-hfb-mobile-header-display":"","site-post-title":"","ast-breadcrumbs-content":"","ast-featured-img":"","footer-sml-layout":"","ast-disable-related-posts":"","theme-transparent-header-meta":"","adv-header-id-meta":"","stick-header-meta":"","header-above-stick-meta":"","header-main-stick-meta":"","header-below-stick-meta":"","astra-migrate-meta-layouts":"default","ast-page-background-enabled":"default","ast-page-background-meta":{"desktop":{"background-color":"var(--ast-global-color-4)","background-image":"","background-repeat":"repeat","background-position":"center center","background-size":"auto","background-attachment":"scroll","background-type":"","background-media":"","overlay-type":"","overlay-color":"","overlay-opacity":"","overlay-gradient":""},"tablet":{"background-color":"","background-image":"","background-repeat":"repeat","background-position":"center center","background-size":"auto","background-attachment":"scroll","background-type":"","background-media":"","overlay-type":"","overlay-color":"","overlay-opacity":"","overlay-gradient":""},"mobile":{"background-color":"","background-image":"","background-repeat":"repeat","background-position":"center center","background-size":"auto","background-attachment":"scroll","background-type":"","background-media":"","overlay-type":"","overlay-color":"","overlay-opacity":"","overlay-gradient":""}},"ast-content-background-meta":{"desktop":{"background-color":"var(--ast-global-color-5)","background-image":"","background-repeat":"repeat","background-position":"center center","background-size":"auto","background-attachment":"scroll","background-type":"","background-media":"","overlay-type":"","overlay-color":"","overlay-opacity":"","overlay-gradient":""},"tablet":{"background-color":"var(--ast-global-color-5)","background-image":"","background-repeat":"repeat","background-position":"center center","background-size":"auto","background-attachment":"scroll","background-type":"","background-media":"","overlay-type":"","overlay-color":"","overlay-opacity":"","overlay-gradient":""},"mobile":{"background-color":"var(--ast-global-color-5)","background-image":"","background-repeat":"repeat","background-position":"center center","background-size":"auto","background-attachment":"scroll","background-type":"","background-media":"","overlay-type":"","overlay-color":"","overlay-opacity":"","overlay-gradient":""}},"footnotes":""},"class_list":["post-316","page","type-page","status-publish","hentry"],"_links":{"self":[{"href":"https:\/\/clockwise.ch\/de\/wp-json\/wp\/v2\/pages\/316","targetHints":{"allow":["GET"]}}],"collection":[{"href":"https:\/\/clockwise.ch\/de\/wp-json\/wp\/v2\/pages"}],"about":[{"href":"https:\/\/clockwise.ch\/de\/wp-json\/wp\/v2\/types\/page"}],"author":[{"embeddable":true,"href":"https:\/\/clockwise.ch\/de\/wp-json\/wp\/v2\/users\/2"}],"replies":[{"embeddable":true,"href":"https:\/\/clockwise.ch\/de\/wp-json\/wp\/v2\/comments?post=316"}],"version-history":[{"count":7,"href":"https:\/\/clockwise.ch\/de\/wp-json\/wp\/v2\/pages\/316\/revisions"}],"predecessor-version":[{"id":665,"href":"https:\/\/clockwise.ch\/de\/wp-json\/wp\/v2\/pages\/316\/revisions\/665"}],"wp:attachment":[{"href":"https:\/\/clockwise.ch\/de\/wp-json\/wp\/v2\/media?parent=316"}],"curies":[{"name":"wp","href":"https:\/\/api.w.org\/{rel}","templated":true}]}}