{"id":314,"date":"2023-12-19T13:32:45","date_gmt":"2023-12-19T12:32:45","guid":{"rendered":"https:\/\/clockwise.ch\/impressum\/"},"modified":"2024-10-02T21:43:15","modified_gmt":"2024-10-02T19:43:15","slug":"impressum","status":"publish","type":"page","link":"https:\/\/clockwise.ch\/de\/impressum\/","title":{"rendered":"Impressum"},"content":{"rendered":"\n<h2 class=\"wp-block-heading\">Impressum<\/h2>\n\n\n\n<h6 class=\"wp-block-heading\">Firma:<\/h6>\n\n\n\n<p>Clockwise GmbH<\/p>\n\n\n\n<h6 class=\"wp-block-heading\">Rechtliches Domizil:<\/h6>\n\n\n\n<p>Martinsbergstrasse 44<br>CH-5400 Baden, Schweiz<\/p>\n\n\n\n<h6 class=\"wp-block-heading\">Firmen-Registrierung:<\/h6>\n\n\n\n<p>UID: CHE-109.587.612<br>Gr\u00fcndung: 26.04.2002 in Baden\/Schweiz<br>Registrierung: Handelsregister des Kantons Aargau, Schweiz<\/p>\n\n\n\n<h6 class=\"wp-block-heading\">Kontakt:<\/h6>\n\n\n\n<p>Bitte ben\u00fctzen Sie unser&nbsp;<a href=\"\/de\/kontakt\/\">Kontaktformular<\/a> \u2013 wir werden uns schnellstm\u00f6glich melden.<br>E-Mail: <a href=\"\/de\/kontakt\">info [at] clockwise [dot] ch<\/a> (bitte keine Werbezuschriften)<\/p>\n\n\n\n<p>Telefon: +41 56 250 2222<br>(bitte keine Werbeanrufe und wenn immer m\u00f6glich nach vorheriger Terminvereinbarung)<\/p>\n\n\n\n<hr class=\"wp-block-separator has-alpha-channel-opacity\"\/>\n\n\n\n<p>Die Clockwise GmbH sowie ihre Mitarbeiterinnen und Mitarbeiter untersagen die Bearbeitung s\u00e4mtlicher Kontaktdaten und Personendaten, die auf dieser Website ver\u00f6ffentlicht sind, f\u00fcr Werbezwecke.<\/p>\n\n\n\n<p><\/p>\n","protected":false},"excerpt":{"rendered":"<p>Impressum Firma: Clockwise GmbH Rechtliches Domizil: Martinsbergstrasse 44CH-5400 Baden, Schweiz Firmen-Registrierung: UID: CHE-109.587.612Gr\u00fcndung: 26.04.2002 in Baden\/SchweizRegistrierung: Handelsregister des Kantons Aargau, Schweiz Kontakt: Bitte ben\u00fctzen Sie unser&nbsp;Kontaktformular \u2013 wir werden uns schnellstm\u00f6glich melden.E-Mail: info [at] clockwise [dot] ch (bitte keine Werbezuschriften) Telefon: +41 56 250 2222(bitte keine Werbeanrufe und wenn immer m\u00f6glich nach vorheriger Terminvereinbarung) Die [&hellip;]<\/p>\n","protected":false},"author":2,"featured_media":0,"parent":0,"menu_order":0,"comment_status":"closed","ping_status":"closed","template":"","meta":{"site-sidebar-layout":"default","site-content-layout":"","ast-site-content-layout":"default","site-content-style":"default","site-sidebar-style":"default","ast-global-header-display":"","ast-banner-title-visibility":"","ast-main-header-display":"","ast-hfb-above-header-display":"","ast-hfb-below-header-display":"","ast-hfb-mobile-header-display":"","site-post-title":"","ast-breadcrumbs-content":"","ast-featured-img":"","footer-sml-layout":"","ast-disable-related-posts":"","theme-transparent-header-meta":"","adv-header-id-meta":"","stick-header-meta":"","header-above-stick-meta":"","header-main-stick-meta":"","header-below-stick-meta":"","astra-migrate-meta-layouts":"default","ast-page-background-enabled":"default","ast-page-background-meta":{"desktop":{"background-color":"var(--ast-global-color-4)","background-image":"","background-repeat":"repeat","background-position":"center center","background-size":"auto","background-attachment":"scroll","background-type":"","background-media":"","overlay-type":"","overlay-color":"","overlay-opacity":"","overlay-gradient":""},"tablet":{"background-color":"","background-image":"","background-repeat":"repeat","background-position":"center center","background-size":"auto","background-attachment":"scroll","background-type":"","background-media":"","overlay-type":"","overlay-color":"","overlay-opacity":"","overlay-gradient":""},"mobile":{"background-color":"","background-image":"","background-repeat":"repeat","background-position":"center center","background-size":"auto","background-attachment":"scroll","background-type":"","background-media":"","overlay-type":"","overlay-color":"","overlay-opacity":"","overlay-gradient":""}},"ast-content-background-meta":{"desktop":{"background-color":"var(--ast-global-color-5)","background-image":"","background-repeat":"repeat","background-position":"center center","background-size":"auto","background-attachment":"scroll","background-type":"","background-media":"","overlay-type":"","overlay-color":"","overlay-opacity":"","overlay-gradient":""},"tablet":{"background-color":"var(--ast-global-color-5)","background-image":"","background-repeat":"repeat","background-position":"center center","background-size":"auto","background-attachment":"scroll","background-type":"","background-media":"","overlay-type":"","overlay-color":"","overlay-opacity":"","overlay-gradient":""},"mobile":{"background-color":"var(--ast-global-color-5)","background-image":"","background-repeat":"repeat","background-position":"center center","background-size":"auto","background-attachment":"scroll","background-type":"","background-media":"","overlay-type":"","overlay-color":"","overlay-opacity":"","overlay-gradient":""}},"footnotes":""},"class_list":["post-314","page","type-page","status-publish","hentry"],"_links":{"self":[{"href":"https:\/\/clockwise.ch\/de\/wp-json\/wp\/v2\/pages\/314","targetHints":{"allow":["GET"]}}],"collection":[{"href":"https:\/\/clockwise.ch\/de\/wp-json\/wp\/v2\/pages"}],"about":[{"href":"https:\/\/clockwise.ch\/de\/wp-json\/wp\/v2\/types\/page"}],"author":[{"embeddable":true,"href":"https:\/\/clockwise.ch\/de\/wp-json\/wp\/v2\/users\/2"}],"replies":[{"embeddable":true,"href":"https:\/\/clockwise.ch\/de\/wp-json\/wp\/v2\/comments?post=314"}],"version-history":[{"count":7,"href":"https:\/\/clockwise.ch\/de\/wp-json\/wp\/v2\/pages\/314\/revisions"}],"predecessor-version":[{"id":551,"href":"https:\/\/clockwise.ch\/de\/wp-json\/wp\/v2\/pages\/314\/revisions\/551"}],"wp:attachment":[{"href":"https:\/\/clockwise.ch\/de\/wp-json\/wp\/v2\/media?parent=314"}],"curies":[{"name":"wp","href":"https:\/\/api.w.org\/{rel}","templated":true}]}}