{"id":295,"date":"2024-01-19T18:41:15","date_gmt":"2024-01-19T17:41:15","guid":{"rendered":"https:\/\/clockwise.ch\/about\/"},"modified":"2024-10-02T22:06:44","modified_gmt":"2024-10-02T20:06:44","slug":"ueber-uns","status":"publish","type":"page","link":"https:\/\/clockwise.ch\/de\/ueber-uns\/","title":{"rendered":"\u00dcber uns"},"content":{"rendered":"\n<h2 class=\"wp-block-heading\">\u00dcber uns<\/h2>\n\n\n\n<p>Wir k\u00fcmmern uns um Dein Produkt, Deine Promotion, Dein Booking, Deinen Event oder auch schlicht und einfach um Deinen Admin-Kram. Das tun wir im Rahmen von Kurzeins\u00e4tzen, von projektbasierten oder l\u00e4ngerfristigen Mandaten.<\/p>\n\n\n\n<p>Wir treten f\u00fcr Dich in der \u00d6ffentlichkeit auf oder verhalten uns unauff\u00e4llig im Hintergrund. <\/p>\n\n\n\n<p>Wir verzichten auf ein umfangreiches, gleichbleibendes \u00abStaffing\u00bb. Stattdessen stellen wir f\u00fcr jedes Mandat das passende Team zusammen und reagieren so auch in Bezug auf die notwendigen Skills im Sinne der jeweiligen Kundenbed\u00fcrfnisse.<\/p>\n\n\n\n<p>Ebenso verzichten wir auf repr\u00e4sentative B\u00fcros \u2013 gearbeitet wird, wo es passt. Projektbedingte zeitliche und \u00f6rtliche Verf\u00fcgbarkeiten nach Kundenwunsch sind m\u00f6glich und k\u00f6nnen wir gerne diskutieren.<\/p>\n\n\n\n<p>Inhaber und Gesch\u00e4ftsleiter der Clockwise GmbH ist Sam M\u00fcller, der auch gerne <a href=\"https:\/\/clockwise.ch\/de\/kontakt\/\" data-type=\"page\" data-id=\"20\">weitere Ausk\u00fcnfte<\/a> erteilt.<\/p>\n\n\n\n<p><\/p>\n","protected":false},"excerpt":{"rendered":"<p>\u00dcber uns Wir k\u00fcmmern uns um Dein Produkt, Deine Promotion, Dein Booking, Deinen Event oder auch schlicht und einfach um Deinen Admin-Kram. Das tun wir im Rahmen von Kurzeins\u00e4tzen, von projektbasierten oder l\u00e4ngerfristigen Mandaten. Wir treten f\u00fcr Dich in der \u00d6ffentlichkeit auf oder verhalten uns unauff\u00e4llig im Hintergrund. Wir verzichten auf ein umfangreiches, gleichbleibendes \u00abStaffing\u00bb. [&hellip;]<\/p>\n","protected":false},"author":2,"featured_media":0,"parent":0,"menu_order":0,"comment_status":"closed","ping_status":"closed","template":"","meta":{"site-sidebar-layout":"default","site-content-layout":"","ast-site-content-layout":"default","site-content-style":"default","site-sidebar-style":"default","ast-global-header-display":"","ast-banner-title-visibility":"","ast-main-header-display":"","ast-hfb-above-header-display":"","ast-hfb-below-header-display":"","ast-hfb-mobile-header-display":"","site-post-title":"","ast-breadcrumbs-content":"","ast-featured-img":"","footer-sml-layout":"","ast-disable-related-posts":"","theme-transparent-header-meta":"","adv-header-id-meta":"","stick-header-meta":"","header-above-stick-meta":"","header-main-stick-meta":"","header-below-stick-meta":"","astra-migrate-meta-layouts":"default","ast-page-background-enabled":"default","ast-page-background-meta":{"desktop":{"background-color":"var(--ast-global-color-4)","background-image":"","background-repeat":"repeat","background-position":"center center","background-size":"auto","background-attachment":"scroll","background-type":"","background-media":"","overlay-type":"","overlay-color":"","overlay-opacity":"","overlay-gradient":""},"tablet":{"background-color":"","background-image":"","background-repeat":"repeat","background-position":"center center","background-size":"auto","background-attachment":"scroll","background-type":"","background-media":"","overlay-type":"","overlay-color":"","overlay-opacity":"","overlay-gradient":""},"mobile":{"background-color":"","background-image":"","background-repeat":"repeat","background-position":"center center","background-size":"auto","background-attachment":"scroll","background-type":"","background-media":"","overlay-type":"","overlay-color":"","overlay-opacity":"","overlay-gradient":""}},"ast-content-background-meta":{"desktop":{"background-color":"var(--ast-global-color-5)","background-image":"","background-repeat":"repeat","background-position":"center center","background-size":"auto","background-attachment":"scroll","background-type":"","background-media":"","overlay-type":"","overlay-color":"","overlay-opacity":"","overlay-gradient":""},"tablet":{"background-color":"var(--ast-global-color-5)","background-image":"","background-repeat":"repeat","background-position":"center center","background-size":"auto","background-attachment":"scroll","background-type":"","background-media":"","overlay-type":"","overlay-color":"","overlay-opacity":"","overlay-gradient":""},"mobile":{"background-color":"var(--ast-global-color-5)","background-image":"","background-repeat":"repeat","background-position":"center center","background-size":"auto","background-attachment":"scroll","background-type":"","background-media":"","overlay-type":"","overlay-color":"","overlay-opacity":"","overlay-gradient":""}},"footnotes":""},"class_list":["post-295","page","type-page","status-publish","hentry"],"_links":{"self":[{"href":"https:\/\/clockwise.ch\/de\/wp-json\/wp\/v2\/pages\/295","targetHints":{"allow":["GET"]}}],"collection":[{"href":"https:\/\/clockwise.ch\/de\/wp-json\/wp\/v2\/pages"}],"about":[{"href":"https:\/\/clockwise.ch\/de\/wp-json\/wp\/v2\/types\/page"}],"author":[{"embeddable":true,"href":"https:\/\/clockwise.ch\/de\/wp-json\/wp\/v2\/users\/2"}],"replies":[{"embeddable":true,"href":"https:\/\/clockwise.ch\/de\/wp-json\/wp\/v2\/comments?post=295"}],"version-history":[{"count":5,"href":"https:\/\/clockwise.ch\/de\/wp-json\/wp\/v2\/pages\/295\/revisions"}],"predecessor-version":[{"id":548,"href":"https:\/\/clockwise.ch\/de\/wp-json\/wp\/v2\/pages\/295\/revisions\/548"}],"wp:attachment":[{"href":"https:\/\/clockwise.ch\/de\/wp-json\/wp\/v2\/media?parent=295"}],"curies":[{"name":"wp","href":"https:\/\/api.w.org\/{rel}","templated":true}]}}